{"id":2835,"date":"2025-05-07T21:50:07","date_gmt":"2025-05-07T21:50:07","guid":{"rendered":"https:\/\/www.bondexpress.com.mx\/index\/?post_type=product&#038;p=2835"},"modified":"2025-05-07T21:55:47","modified_gmt":"2025-05-07T21:55:47","slug":"crack","status":"publish","type":"product","link":"https:\/\/www.bondexpress.com.mx\/index\/producto\/crack\/","title":{"rendered":"Crack"},"content":{"rendered":"","protected":false},"excerpt":{"rendered":"<p>Malla textil CRACK para calzado, caracterizada por su estructura tipo panal que brinda alta transpirabilidad y una excelente resistencia al desgaste. Disponible en una amplia gama de colores, es ideal para calzado deportivo, casual o escolar. Su tejido t\u00e9cnico garantiza confort, ventilaci\u00f3n y durabilidad, adapt\u00e1ndose a dise\u00f1os modernos y funcionales.<\/p>\n","protected":false},"featured_media":2836,"template":"","meta":{"site-sidebar-layout":"default","site-content-layout":"default","ast-site-content-layout":"default","site-content-style":"default","site-sidebar-style":"default","ast-global-header-display":"","ast-banner-title-visibility":"","ast-main-header-display":"","ast-hfb-above-header-display":"","ast-hfb-below-header-display":"","ast-hfb-mobile-header-display":"","site-post-title":"","ast-breadcrumbs-content":"","ast-featured-img":"","footer-sml-layout":"","theme-transparent-header-meta":"default","adv-header-id-meta":"","stick-header-meta":"","header-above-stick-meta":"","header-main-stick-meta":"","header-below-stick-meta":"","astra-migrate-meta-layouts":"default","ast-page-background-enabled":"default","ast-page-background-meta":{"desktop":{"background-color":"","background-image":"","background-repeat":"repeat","background-position":"center center","background-size":"auto","background-attachment":"scroll","background-type":"","background-media":"","overlay-type":"","overlay-color":"","overlay-opacity":"","overlay-gradient":""},"tablet":{"background-color":"","background-image":"","background-repeat":"repeat","background-position":"center center","background-size":"auto","background-attachment":"scroll","background-type":"","background-media":"","overlay-type":"","overlay-color":"","overlay-opacity":"","overlay-gradient":""},"mobile":{"background-color":"","background-image":"","background-repeat":"repeat","background-position":"center center","background-size":"auto","background-attachment":"scroll","background-type":"","background-media":"","overlay-type":"","overlay-color":"","overlay-opacity":"","overlay-gradient":""}},"ast-content-background-meta":{"desktop":{"background-color":"var(--ast-global-color-5)","background-image":"","background-repeat":"repeat","background-position":"center center","background-size":"auto","background-attachment":"scroll","background-type":"","background-media":"","overlay-type":"","overlay-color":"","overlay-opacity":"","overlay-gradient":""},"tablet":{"background-color":"var(--ast-global-color-5)","background-image":"","background-repeat":"repeat","background-position":"center center","background-size":"auto","background-attachment":"scroll","background-type":"","background-media":"","overlay-type":"","overlay-color":"","overlay-opacity":"","overlay-gradient":""},"mobile":{"background-color":"var(--ast-global-color-5)","background-image":"","background-repeat":"repeat","background-position":"center center","background-size":"auto","background-attachment":"scroll","background-type":"","background-media":"","overlay-type":"","overlay-color":"","overlay-opacity":"","overlay-gradient":""}},"_joinchat":[]},"product_brand":[],"product_cat":[24],"product_tag":[],"class_list":{"0":"post-2835","1":"product","2":"type-product","3":"status-publish","4":"has-post-thumbnail","6":"product_cat-textiles","7":"desktop-align-left","8":"tablet-align-left","9":"mobile-align-left","11":"first","12":"instock","13":"shipping-taxable","14":"product-type-simple"},"yoast_head":"<!-- This site is optimized with the Yoast SEO plugin v27.1.1 - https:\/\/yoast.com\/product\/yoast-seo-wordpress\/ -->\n<title>Crack - BONDEXPRESS<\/title>\n<meta name=\"description\" content=\"Malla textil CRACK con dise\u00f1o tipo panal para calzado. Transpirable, resistente y disponible en varios colores. Ideal para calzado deportivo o casual.\" \/>\n<meta name=\"robots\" content=\"index, follow, max-snippet:-1, max-image-preview:large, max-video-preview:-1\" \/>\n<link rel=\"canonical\" href=\"https:\/\/www.bondexpress.com.mx\/index\/producto\/crack\/\" \/>\n<meta property=\"og:locale\" content=\"es_MX\" \/>\n<meta property=\"og:type\" content=\"article\" \/>\n<meta property=\"og:title\" content=\"Crack - BONDEXPRESS\" \/>\n<meta property=\"og:description\" content=\"Malla textil CRACK con dise\u00f1o tipo panal para calzado. Transpirable, resistente y disponible en varios colores. Ideal para calzado deportivo o casual.\" \/>\n<meta property=\"og:url\" content=\"https:\/\/www.bondexpress.com.mx\/index\/producto\/crack\/\" \/>\n<meta property=\"og:site_name\" content=\"BONDEXPRESS\" \/>\n<meta property=\"article:modified_time\" content=\"2025-05-07T21:55:47+00:00\" \/>\n<meta property=\"og:image\" content=\"https:\/\/www.bondexpress.com.mx\/index\/wp-content\/uploads\/2025\/05\/crack.webp\" \/>\n\t<meta property=\"og:image:width\" content=\"427\" \/>\n\t<meta property=\"og:image:height\" content=\"415\" \/>\n\t<meta property=\"og:image:type\" content=\"image\/webp\" \/>\n<meta name=\"twitter:card\" content=\"summary_large_image\" \/>\n<meta name=\"twitter:label1\" content=\"Tiempo de lectura\" \/>\n\t<meta name=\"twitter:data1\" content=\"1 minuto\" \/>\n<script type=\"application\/ld+json\" class=\"yoast-schema-graph\">{\"@context\":\"https:\/\/schema.org\",\"@graph\":[{\"@type\":\"WebPage\",\"@id\":\"https:\/\/www.bondexpress.com.mx\/index\/producto\/crack\/\",\"url\":\"https:\/\/www.bondexpress.com.mx\/index\/producto\/crack\/\",\"name\":\"Crack - BONDEXPRESS\",\"isPartOf\":{\"@id\":\"https:\/\/www.bondexpress.com.mx\/index\/#website\"},\"primaryImageOfPage\":{\"@id\":\"https:\/\/www.bondexpress.com.mx\/index\/producto\/crack\/#primaryimage\"},\"image\":{\"@id\":\"https:\/\/www.bondexpress.com.mx\/index\/producto\/crack\/#primaryimage\"},\"thumbnailUrl\":\"https:\/\/www.bondexpress.com.mx\/index\/wp-content\/uploads\/2025\/05\/crack.webp\",\"datePublished\":\"2025-05-07T21:50:07+00:00\",\"dateModified\":\"2025-05-07T21:55:47+00:00\",\"description\":\"Malla textil CRACK con dise\u00f1o tipo panal para calzado. Transpirable, resistente y disponible en varios colores. Ideal para calzado deportivo o casual.\",\"breadcrumb\":{\"@id\":\"https:\/\/www.bondexpress.com.mx\/index\/producto\/crack\/#breadcrumb\"},\"inLanguage\":\"es\",\"potentialAction\":[{\"@type\":\"ReadAction\",\"target\":[\"https:\/\/www.bondexpress.com.mx\/index\/producto\/crack\/\"]}]},{\"@type\":\"ImageObject\",\"inLanguage\":\"es\",\"@id\":\"https:\/\/www.bondexpress.com.mx\/index\/producto\/crack\/#primaryimage\",\"url\":\"https:\/\/www.bondexpress.com.mx\/index\/wp-content\/uploads\/2025\/05\/crack.webp\",\"contentUrl\":\"https:\/\/www.bondexpress.com.mx\/index\/wp-content\/uploads\/2025\/05\/crack.webp\",\"width\":427,\"height\":415},{\"@type\":\"BreadcrumbList\",\"@id\":\"https:\/\/www.bondexpress.com.mx\/index\/producto\/crack\/#breadcrumb\",\"itemListElement\":[{\"@type\":\"ListItem\",\"position\":1,\"name\":\"Inicio\",\"item\":\"https:\/\/www.bondexpress.com.mx\/index\/\"},{\"@type\":\"ListItem\",\"position\":2,\"name\":\"Cat\u00e1logo Virtual\",\"item\":\"https:\/\/www.bondexpress.com.mx\/index\/productos\/\"},{\"@type\":\"ListItem\",\"position\":3,\"name\":\"Crack\"}]},{\"@type\":\"WebSite\",\"@id\":\"https:\/\/www.bondexpress.com.mx\/index\/#website\",\"url\":\"https:\/\/www.bondexpress.com.mx\/index\/\",\"name\":\"bondexpress.com.mx\",\"description\":\"Bondeados, Textiles, Plantilla Eva, Espumas\",\"publisher\":{\"@id\":\"https:\/\/www.bondexpress.com.mx\/index\/#organization\"},\"alternateName\":\"Bondexpress\",\"potentialAction\":[{\"@type\":\"SearchAction\",\"target\":{\"@type\":\"EntryPoint\",\"urlTemplate\":\"https:\/\/www.bondexpress.com.mx\/index\/?s={search_term_string}\"},\"query-input\":{\"@type\":\"PropertyValueSpecification\",\"valueRequired\":true,\"valueName\":\"search_term_string\"}}],\"inLanguage\":\"es\"},{\"@type\":\"Organization\",\"@id\":\"https:\/\/www.bondexpress.com.mx\/index\/#organization\",\"name\":\"BONDEXPRESS\",\"url\":\"https:\/\/www.bondexpress.com.mx\/index\/\",\"logo\":{\"@type\":\"ImageObject\",\"inLanguage\":\"es\",\"@id\":\"https:\/\/www.bondexpress.com.mx\/index\/#\/schema\/logo\/image\/\",\"url\":\"https:\/\/www.bondexpress.com.mx\/index\/wp-content\/uploads\/2024\/02\/logoOKnuevo_m.jpg\",\"contentUrl\":\"https:\/\/www.bondexpress.com.mx\/index\/wp-content\/uploads\/2024\/02\/logoOKnuevo_m.jpg\",\"width\":439,\"height\":147,\"caption\":\"BONDEXPRESS\"},\"image\":{\"@id\":\"https:\/\/www.bondexpress.com.mx\/index\/#\/schema\/logo\/image\/\"},\"sameAs\":[\"https:\/\/www.youtube.com\/@bondexpress.\"]}]}<\/script>\n<!-- \/ Yoast SEO plugin. -->","yoast_head_json":{"title":"Crack - BONDEXPRESS","description":"Malla textil CRACK con dise\u00f1o tipo panal para calzado. Transpirable, resistente y disponible en varios colores. Ideal para calzado deportivo o casual.","robots":{"index":"index","follow":"follow","max-snippet":"max-snippet:-1","max-image-preview":"max-image-preview:large","max-video-preview":"max-video-preview:-1"},"canonical":"https:\/\/www.bondexpress.com.mx\/index\/producto\/crack\/","og_locale":"es_MX","og_type":"article","og_title":"Crack - BONDEXPRESS","og_description":"Malla textil CRACK con dise\u00f1o tipo panal para calzado. Transpirable, resistente y disponible en varios colores. Ideal para calzado deportivo o casual.","og_url":"https:\/\/www.bondexpress.com.mx\/index\/producto\/crack\/","og_site_name":"BONDEXPRESS","article_modified_time":"2025-05-07T21:55:47+00:00","og_image":[{"width":427,"height":415,"url":"https:\/\/www.bondexpress.com.mx\/index\/wp-content\/uploads\/2025\/05\/crack.webp","type":"image\/webp"}],"twitter_card":"summary_large_image","twitter_misc":{"Tiempo de lectura":"1 minuto"},"schema":{"@context":"https:\/\/schema.org","@graph":[{"@type":"WebPage","@id":"https:\/\/www.bondexpress.com.mx\/index\/producto\/crack\/","url":"https:\/\/www.bondexpress.com.mx\/index\/producto\/crack\/","name":"Crack - BONDEXPRESS","isPartOf":{"@id":"https:\/\/www.bondexpress.com.mx\/index\/#website"},"primaryImageOfPage":{"@id":"https:\/\/www.bondexpress.com.mx\/index\/producto\/crack\/#primaryimage"},"image":{"@id":"https:\/\/www.bondexpress.com.mx\/index\/producto\/crack\/#primaryimage"},"thumbnailUrl":"https:\/\/www.bondexpress.com.mx\/index\/wp-content\/uploads\/2025\/05\/crack.webp","datePublished":"2025-05-07T21:50:07+00:00","dateModified":"2025-05-07T21:55:47+00:00","description":"Malla textil CRACK con dise\u00f1o tipo panal para calzado. Transpirable, resistente y disponible en varios colores. Ideal para calzado deportivo o casual.","breadcrumb":{"@id":"https:\/\/www.bondexpress.com.mx\/index\/producto\/crack\/#breadcrumb"},"inLanguage":"es","potentialAction":[{"@type":"ReadAction","target":["https:\/\/www.bondexpress.com.mx\/index\/producto\/crack\/"]}]},{"@type":"ImageObject","inLanguage":"es","@id":"https:\/\/www.bondexpress.com.mx\/index\/producto\/crack\/#primaryimage","url":"https:\/\/www.bondexpress.com.mx\/index\/wp-content\/uploads\/2025\/05\/crack.webp","contentUrl":"https:\/\/www.bondexpress.com.mx\/index\/wp-content\/uploads\/2025\/05\/crack.webp","width":427,"height":415},{"@type":"BreadcrumbList","@id":"https:\/\/www.bondexpress.com.mx\/index\/producto\/crack\/#breadcrumb","itemListElement":[{"@type":"ListItem","position":1,"name":"Inicio","item":"https:\/\/www.bondexpress.com.mx\/index\/"},{"@type":"ListItem","position":2,"name":"Cat\u00e1logo Virtual","item":"https:\/\/www.bondexpress.com.mx\/index\/productos\/"},{"@type":"ListItem","position":3,"name":"Crack"}]},{"@type":"WebSite","@id":"https:\/\/www.bondexpress.com.mx\/index\/#website","url":"https:\/\/www.bondexpress.com.mx\/index\/","name":"bondexpress.com.mx","description":"Bondeados, Textiles, Plantilla Eva, Espumas","publisher":{"@id":"https:\/\/www.bondexpress.com.mx\/index\/#organization"},"alternateName":"Bondexpress","potentialAction":[{"@type":"SearchAction","target":{"@type":"EntryPoint","urlTemplate":"https:\/\/www.bondexpress.com.mx\/index\/?s={search_term_string}"},"query-input":{"@type":"PropertyValueSpecification","valueRequired":true,"valueName":"search_term_string"}}],"inLanguage":"es"},{"@type":"Organization","@id":"https:\/\/www.bondexpress.com.mx\/index\/#organization","name":"BONDEXPRESS","url":"https:\/\/www.bondexpress.com.mx\/index\/","logo":{"@type":"ImageObject","inLanguage":"es","@id":"https:\/\/www.bondexpress.com.mx\/index\/#\/schema\/logo\/image\/","url":"https:\/\/www.bondexpress.com.mx\/index\/wp-content\/uploads\/2024\/02\/logoOKnuevo_m.jpg","contentUrl":"https:\/\/www.bondexpress.com.mx\/index\/wp-content\/uploads\/2024\/02\/logoOKnuevo_m.jpg","width":439,"height":147,"caption":"BONDEXPRESS"},"image":{"@id":"https:\/\/www.bondexpress.com.mx\/index\/#\/schema\/logo\/image\/"},"sameAs":["https:\/\/www.youtube.com\/@bondexpress."]}]}},"_links":{"self":[{"href":"https:\/\/www.bondexpress.com.mx\/index\/wp-json\/wp\/v2\/product\/2835","targetHints":{"allow":["GET"]}}],"collection":[{"href":"https:\/\/www.bondexpress.com.mx\/index\/wp-json\/wp\/v2\/product"}],"about":[{"href":"https:\/\/www.bondexpress.com.mx\/index\/wp-json\/wp\/v2\/types\/product"}],"wp:featuredmedia":[{"embeddable":true,"href":"https:\/\/www.bondexpress.com.mx\/index\/wp-json\/wp\/v2\/media\/2836"}],"wp:attachment":[{"href":"https:\/\/www.bondexpress.com.mx\/index\/wp-json\/wp\/v2\/media?parent=2835"}],"wp:term":[{"taxonomy":"product_brand","embeddable":true,"href":"https:\/\/www.bondexpress.com.mx\/index\/wp-json\/wp\/v2\/product_brand?post=2835"},{"taxonomy":"product_cat","embeddable":true,"href":"https:\/\/www.bondexpress.com.mx\/index\/wp-json\/wp\/v2\/product_cat?post=2835"},{"taxonomy":"product_tag","embeddable":true,"href":"https:\/\/www.bondexpress.com.mx\/index\/wp-json\/wp\/v2\/product_tag?post=2835"}],"curies":[{"name":"wp","href":"https:\/\/api.w.org\/{rel}","templated":true}]}}