{"id":1392,"date":"2023-01-17T23:48:47","date_gmt":"2023-01-17T23:48:47","guid":{"rendered":"http:\/\/www.bondexpress.com.mx\/index\/?page_id=1392"},"modified":"2024-03-11T21:20:14","modified_gmt":"2024-03-11T21:20:14","slug":"nuestros-procesos","status":"publish","type":"page","link":"https:\/\/www.bondexpress.com.mx\/index\/nuestros-procesos\/","title":{"rendered":"Nuestros procesos"},"content":{"rendered":"\t\t<div data-elementor-type=\"wp-page\" data-elementor-id=\"1392\" class=\"elementor elementor-1392\">\n\t\t\t\t\t\t<section class=\"elementor-section elementor-top-section elementor-element elementor-element-7d43cbe elementor-section-boxed elementor-section-height-default elementor-section-height-default\" data-id=\"7d43cbe\" data-element_type=\"section\" data-e-type=\"section\" data-settings=\"{&quot;background_background&quot;:&quot;classic&quot;}\">\n\t\t\t\t\t\t<div class=\"elementor-container elementor-column-gap-default\">\n\t\t\t\t\t<div class=\"elementor-column elementor-col-100 elementor-top-column elementor-element elementor-element-4bb2ece\" data-id=\"4bb2ece\" data-element_type=\"column\" data-e-type=\"column\">\n\t\t\t<div class=\"elementor-widget-wrap elementor-element-populated\">\n\t\t\t\t\t\t<div class=\"elementor-element elementor-element-d58586e elementor-widget elementor-widget-heading\" data-id=\"d58586e\" data-element_type=\"widget\" data-e-type=\"widget\" data-widget_type=\"heading.default\">\n\t\t\t\t<div class=\"elementor-widget-container\">\n\t\t\t\t\t<h2 class=\"elementor-heading-title elementor-size-default\">Procesos Producci\u00f3n<\/h2>\t\t\t\t<\/div>\n\t\t\t\t<\/div>\n\t\t\t\t\t<\/div>\n\t\t<\/div>\n\t\t\t\t\t<\/div>\n\t\t<\/section>\n\t\t\t\t<section class=\"elementor-section elementor-top-section elementor-element elementor-element-37521a1 elementor-section-boxed elementor-section-height-default elementor-section-height-default\" data-id=\"37521a1\" data-element_type=\"section\" data-e-type=\"section\">\n\t\t\t\t\t\t<div class=\"elementor-container elementor-column-gap-default\">\n\t\t\t\t\t<div class=\"elementor-column elementor-col-33 elementor-top-column elementor-element elementor-element-540a2b6\" data-id=\"540a2b6\" data-element_type=\"column\" data-e-type=\"column\">\n\t\t\t<div class=\"elementor-widget-wrap elementor-element-populated\">\n\t\t\t\t\t\t<div class=\"elementor-element elementor-element-3ec024f elementor-widget elementor-widget-image\" data-id=\"3ec024f\" data-element_type=\"widget\" data-e-type=\"widget\" data-widget_type=\"image.default\">\n\t\t\t\t<div class=\"elementor-widget-container\">\n\t\t\t\t\t\t\t\t\t\t\t\t\t\t\t<img fetchpriority=\"high\" decoding=\"async\" width=\"300\" height=\"171\" src=\"https:\/\/www.bondexpress.com.mx\/index\/wp-content\/uploads\/2024\/03\/main-300x171.webp\" class=\"attachment-medium size-medium wp-image-2555\" alt=\"\" srcset=\"https:\/\/www.bondexpress.com.mx\/index\/wp-content\/uploads\/2024\/03\/main-300x171.webp 300w, https:\/\/www.bondexpress.com.mx\/index\/wp-content\/uploads\/2024\/03\/main.webp 459w\" sizes=\"(max-width: 300px) 100vw, 300px\" \/>\t\t\t\t\t\t\t\t\t\t\t\t\t\t\t<\/div>\n\t\t\t\t<\/div>\n\t\t\t\t<div class=\"elementor-element elementor-element-14b5336 elementor-widget elementor-widget-image\" data-id=\"14b5336\" data-element_type=\"widget\" data-e-type=\"widget\" data-widget_type=\"image.default\">\n\t\t\t\t<div class=\"elementor-widget-container\">\n\t\t\t\t\t\t\t\t\t\t\t\t\t\t\t<img decoding=\"async\" width=\"300\" height=\"171\" src=\"https:\/\/www.bondexpress.com.mx\/index\/wp-content\/uploads\/2024\/03\/produccion2-300x171.webp\" class=\"attachment-medium size-medium wp-image-2557\" alt=\"\" srcset=\"https:\/\/www.bondexpress.com.mx\/index\/wp-content\/uploads\/2024\/03\/produccion2-300x171.webp 300w, https:\/\/www.bondexpress.com.mx\/index\/wp-content\/uploads\/2024\/03\/produccion2.webp 459w\" sizes=\"(max-width: 300px) 100vw, 300px\" \/>\t\t\t\t\t\t\t\t\t\t\t\t\t\t\t<\/div>\n\t\t\t\t<\/div>\n\t\t\t\t<div class=\"elementor-element elementor-element-a7856f4 elementor-widget elementor-widget-image\" data-id=\"a7856f4\" data-element_type=\"widget\" data-e-type=\"widget\" data-widget_type=\"image.default\">\n\t\t\t\t<div class=\"elementor-widget-container\">\n\t\t\t\t\t\t\t\t\t\t\t\t\t\t\t<img decoding=\"async\" width=\"300\" height=\"171\" src=\"https:\/\/www.bondexpress.com.mx\/index\/wp-content\/uploads\/2024\/03\/produccion55-300x171.webp\" class=\"attachment-medium size-medium wp-image-2558\" alt=\"\" srcset=\"https:\/\/www.bondexpress.com.mx\/index\/wp-content\/uploads\/2024\/03\/produccion55-300x171.webp 300w, https:\/\/www.bondexpress.com.mx\/index\/wp-content\/uploads\/2024\/03\/produccion55.webp 459w\" sizes=\"(max-width: 300px) 100vw, 300px\" \/>\t\t\t\t\t\t\t\t\t\t\t\t\t\t\t<\/div>\n\t\t\t\t<\/div>\n\t\t\t\t\t<\/div>\n\t\t<\/div>\n\t\t\t\t<div class=\"elementor-column elementor-col-66 elementor-top-column elementor-element elementor-element-a97d6ca\" data-id=\"a97d6ca\" data-element_type=\"column\" data-e-type=\"column\">\n\t\t\t<div class=\"elementor-widget-wrap elementor-element-populated\">\n\t\t\t\t\t\t<div class=\"elementor-element elementor-element-cc632d6 elementor-widget elementor-widget-text-editor\" data-id=\"cc632d6\" data-element_type=\"widget\" data-e-type=\"widget\" data-widget_type=\"text-editor.default\">\n\t\t\t\t<div class=\"elementor-widget-container\">\n\t\t\t\t\t\t\t\t\t<p>En <b>BONDEXPRESS<\/b>,\u00a0 trabajamos d\u00eda con d\u00eda para mejorar nuestros servicios, posicion\u00e1ndonos como una empresa l\u00edder dentro del mercado de textiles y laminados. Haciendo la diferencia en nuestra eficiencia al realizar entregas expr\u00e9s que pueden corresponder desde 4 horas hasta 48 horas seg\u00fan las necesidades de nuestros clientes. Adem\u00e1s, brindamos un cuidado a cada una de nuestras etapas de cada proceso para el aseguramiento de la calidad.<\/p><p>\u00a0<\/p><p>Donde cada materia prima llega a Recepci\u00f3n de almac\u00e9n y pasando por un filtro de control de calidad todos nuestros productos son inspeccionados de forma meticulosa asegurando el correcto cumplimiento de caracter\u00edsticas requeridas para brindar la mayor satisfacci\u00f3n a nuestros clientes.<\/p><p>\u00a0<\/p><p>Despu\u00e9s el material es trasladado al \u00e1rea de transformaci\u00f3n donde por medio de una orden de producci\u00f3n se procesa de acuerdo a las caracter\u00edsticas solicitadas por el cliente; por consecuencia el material ya laminado pasa por el \u00e1rea de refilado donde es inspeccionado nuevamente y metreado para asegurar los metros requeridos y la calidad. Durante todo este proceso se cuenta con un \u00e1rea especializada en brindar servicio al cliente para resolver cualquier inquietud.<\/p><p>\u00a0<\/p><p>Finalmente, el producto pasa al \u00e1rea de producto terminado donde es empaquetado para su entrega a cliente.<\/p>\t\t\t\t\t\t\t\t<\/div>\n\t\t\t\t<\/div>\n\t\t\t\t\t<\/div>\n\t\t<\/div>\n\t\t\t\t\t<\/div>\n\t\t<\/section>\n\t\t\t\t<\/div>\n\t\t","protected":false},"excerpt":{"rendered":"<p>Procesos Producci\u00f3n En BONDEXPRESS,\u00a0 trabajamos d\u00eda con d\u00eda para mejorar nuestros servicios, posicion\u00e1ndonos como una empresa l\u00edder dentro del mercado de textiles y laminados. Haciendo la diferencia en nuestra eficiencia al realizar entregas expr\u00e9s que pueden corresponder desde 4 horas hasta 48 horas seg\u00fan las necesidades de nuestros clientes. Adem\u00e1s, brindamos un cuidado a cada [&hellip;]<\/p>\n","protected":false},"author":1,"featured_media":0,"parent":0,"menu_order":0,"comment_status":"closed","ping_status":"closed","template":"","meta":{"site-sidebar-layout":"no-sidebar","site-content-layout":"page-builder","ast-site-content-layout":"default","site-content-style":"default","site-sidebar-style":"default","ast-global-header-display":"","ast-banner-title-visibility":"","ast-main-header-display":"","ast-hfb-above-header-display":"","ast-hfb-below-header-display":"","ast-hfb-mobile-header-display":"","site-post-title":"disabled","ast-breadcrumbs-content":"","ast-featured-img":"disabled","footer-sml-layout":"","theme-transparent-header-meta":"","adv-header-id-meta":"","stick-header-meta":"","header-above-stick-meta":"","header-main-stick-meta":"","header-below-stick-meta":"","astra-migrate-meta-layouts":"default","ast-page-background-enabled":"default","ast-page-background-meta":{"desktop":{"background-color":"","background-image":"","background-repeat":"repeat","background-position":"center center","background-size":"auto","background-attachment":"scroll","background-type":"","background-media":"","overlay-type":"","overlay-color":"","overlay-opacity":"","overlay-gradient":""},"tablet":{"background-color":"","background-image":"","background-repeat":"repeat","background-position":"center center","background-size":"auto","background-attachment":"scroll","background-type":"","background-media":"","overlay-type":"","overlay-color":"","overlay-opacity":"","overlay-gradient":""},"mobile":{"background-color":"","background-image":"","background-repeat":"repeat","background-position":"center center","background-size":"auto","background-attachment":"scroll","background-type":"","background-media":"","overlay-type":"","overlay-color":"","overlay-opacity":"","overlay-gradient":""}},"ast-content-background-meta":{"desktop":{"background-color":"var(--ast-global-color-5)","background-image":"","background-repeat":"repeat","background-position":"center center","background-size":"auto","background-attachment":"scroll","background-type":"","background-media":"","overlay-type":"","overlay-color":"","overlay-opacity":"","overlay-gradient":""},"tablet":{"background-color":"var(--ast-global-color-5)","background-image":"","background-repeat":"repeat","background-position":"center center","background-size":"auto","background-attachment":"scroll","background-type":"","background-media":"","overlay-type":"","overlay-color":"","overlay-opacity":"","overlay-gradient":""},"mobile":{"background-color":"var(--ast-global-color-5)","background-image":"","background-repeat":"repeat","background-position":"center center","background-size":"auto","background-attachment":"scroll","background-type":"","background-media":"","overlay-type":"","overlay-color":"","overlay-opacity":"","overlay-gradient":""}},"_joinchat":[],"footnotes":""},"class_list":["post-1392","page","type-page","status-publish","hentry"],"yoast_head":"<!-- This site is optimized with the Yoast SEO plugin v27.1.1 - https:\/\/yoast.com\/product\/yoast-seo-wordpress\/ -->\n<title>Nuestros procesos - BONDEXPRESS<\/title>\n<meta name=\"description\" content=\"Procesos Producci\u00f3n En BONDEXPRESS,\u00a0 trabajamos d\u00eda con d\u00eda para mejorar nuestros servicios, posicion\u00e1ndonos como una empresa l\u00edder dentro del mercado de\" \/>\n<meta name=\"robots\" content=\"index, follow, max-snippet:-1, max-image-preview:large, max-video-preview:-1\" \/>\n<link rel=\"canonical\" href=\"https:\/\/www.bondexpress.com.mx\/index\/nuestros-procesos\/\" \/>\n<meta property=\"og:locale\" content=\"es_MX\" \/>\n<meta property=\"og:type\" content=\"article\" \/>\n<meta property=\"og:title\" content=\"Nuestros procesos - BONDEXPRESS\" \/>\n<meta property=\"og:description\" content=\"Procesos Producci\u00f3n En BONDEXPRESS,\u00a0 trabajamos d\u00eda con d\u00eda para mejorar nuestros servicios, posicion\u00e1ndonos como una empresa l\u00edder dentro del mercado de\" \/>\n<meta property=\"og:url\" content=\"https:\/\/www.bondexpress.com.mx\/index\/nuestros-procesos\/\" \/>\n<meta property=\"og:site_name\" content=\"BONDEXPRESS\" \/>\n<meta property=\"article:modified_time\" content=\"2024-03-11T21:20:14+00:00\" \/>\n<meta property=\"og:image\" content=\"https:\/\/www.bondexpress.com.mx\/index\/wp-content\/uploads\/2024\/03\/main-300x171.webp\" \/>\n<meta name=\"twitter:card\" content=\"summary_large_image\" \/>\n<meta name=\"twitter:label1\" content=\"Tiempo de lectura\" \/>\n\t<meta name=\"twitter:data1\" content=\"2 minutos\" \/>\n<script type=\"application\/ld+json\" class=\"yoast-schema-graph\">{\"@context\":\"https:\/\/schema.org\",\"@graph\":[{\"@type\":\"WebPage\",\"@id\":\"https:\/\/www.bondexpress.com.mx\/index\/nuestros-procesos\/\",\"url\":\"https:\/\/www.bondexpress.com.mx\/index\/nuestros-procesos\/\",\"name\":\"Nuestros procesos - BONDEXPRESS\",\"isPartOf\":{\"@id\":\"https:\/\/www.bondexpress.com.mx\/index\/#website\"},\"primaryImageOfPage\":{\"@id\":\"https:\/\/www.bondexpress.com.mx\/index\/nuestros-procesos\/#primaryimage\"},\"image\":{\"@id\":\"https:\/\/www.bondexpress.com.mx\/index\/nuestros-procesos\/#primaryimage\"},\"thumbnailUrl\":\"https:\/\/www.bondexpress.com.mx\/index\/wp-content\/uploads\/2024\/03\/main-300x171.webp\",\"datePublished\":\"2023-01-17T23:48:47+00:00\",\"dateModified\":\"2024-03-11T21:20:14+00:00\",\"description\":\"Procesos Producci\u00f3n En BONDEXPRESS,\u00a0 trabajamos d\u00eda con d\u00eda para mejorar nuestros servicios, posicion\u00e1ndonos como una empresa l\u00edder dentro del mercado de\",\"breadcrumb\":{\"@id\":\"https:\/\/www.bondexpress.com.mx\/index\/nuestros-procesos\/#breadcrumb\"},\"inLanguage\":\"es\",\"potentialAction\":[{\"@type\":\"ReadAction\",\"target\":[\"https:\/\/www.bondexpress.com.mx\/index\/nuestros-procesos\/\"]}]},{\"@type\":\"ImageObject\",\"inLanguage\":\"es\",\"@id\":\"https:\/\/www.bondexpress.com.mx\/index\/nuestros-procesos\/#primaryimage\",\"url\":\"https:\/\/www.bondexpress.com.mx\/index\/wp-content\/uploads\/2024\/03\/main.webp\",\"contentUrl\":\"https:\/\/www.bondexpress.com.mx\/index\/wp-content\/uploads\/2024\/03\/main.webp\",\"width\":459,\"height\":262},{\"@type\":\"BreadcrumbList\",\"@id\":\"https:\/\/www.bondexpress.com.mx\/index\/nuestros-procesos\/#breadcrumb\",\"itemListElement\":[{\"@type\":\"ListItem\",\"position\":1,\"name\":\"Inicio\",\"item\":\"https:\/\/www.bondexpress.com.mx\/index\/\"},{\"@type\":\"ListItem\",\"position\":2,\"name\":\"Nuestros procesos\"}]},{\"@type\":\"WebSite\",\"@id\":\"https:\/\/www.bondexpress.com.mx\/index\/#website\",\"url\":\"https:\/\/www.bondexpress.com.mx\/index\/\",\"name\":\"bondexpress.com.mx\",\"description\":\"Bondeados, Textiles, Plantilla Eva, Espumas\",\"publisher\":{\"@id\":\"https:\/\/www.bondexpress.com.mx\/index\/#organization\"},\"alternateName\":\"Bondexpress\",\"potentialAction\":[{\"@type\":\"SearchAction\",\"target\":{\"@type\":\"EntryPoint\",\"urlTemplate\":\"https:\/\/www.bondexpress.com.mx\/index\/?s={search_term_string}\"},\"query-input\":{\"@type\":\"PropertyValueSpecification\",\"valueRequired\":true,\"valueName\":\"search_term_string\"}}],\"inLanguage\":\"es\"},{\"@type\":\"Organization\",\"@id\":\"https:\/\/www.bondexpress.com.mx\/index\/#organization\",\"name\":\"BONDEXPRESS\",\"url\":\"https:\/\/www.bondexpress.com.mx\/index\/\",\"logo\":{\"@type\":\"ImageObject\",\"inLanguage\":\"es\",\"@id\":\"https:\/\/www.bondexpress.com.mx\/index\/#\/schema\/logo\/image\/\",\"url\":\"https:\/\/www.bondexpress.com.mx\/index\/wp-content\/uploads\/2024\/02\/logoOKnuevo_m.jpg\",\"contentUrl\":\"https:\/\/www.bondexpress.com.mx\/index\/wp-content\/uploads\/2024\/02\/logoOKnuevo_m.jpg\",\"width\":439,\"height\":147,\"caption\":\"BONDEXPRESS\"},\"image\":{\"@id\":\"https:\/\/www.bondexpress.com.mx\/index\/#\/schema\/logo\/image\/\"},\"sameAs\":[\"https:\/\/www.youtube.com\/@bondexpress.\"]}]}<\/script>\n<!-- \/ Yoast SEO plugin. -->","yoast_head_json":{"title":"Nuestros procesos - BONDEXPRESS","description":"Procesos Producci\u00f3n En BONDEXPRESS,\u00a0 trabajamos d\u00eda con d\u00eda para mejorar nuestros servicios, posicion\u00e1ndonos como una empresa l\u00edder dentro del mercado de","robots":{"index":"index","follow":"follow","max-snippet":"max-snippet:-1","max-image-preview":"max-image-preview:large","max-video-preview":"max-video-preview:-1"},"canonical":"https:\/\/www.bondexpress.com.mx\/index\/nuestros-procesos\/","og_locale":"es_MX","og_type":"article","og_title":"Nuestros procesos - BONDEXPRESS","og_description":"Procesos Producci\u00f3n En BONDEXPRESS,\u00a0 trabajamos d\u00eda con d\u00eda para mejorar nuestros servicios, posicion\u00e1ndonos como una empresa l\u00edder dentro del mercado de","og_url":"https:\/\/www.bondexpress.com.mx\/index\/nuestros-procesos\/","og_site_name":"BONDEXPRESS","article_modified_time":"2024-03-11T21:20:14+00:00","og_image":[{"url":"https:\/\/www.bondexpress.com.mx\/index\/wp-content\/uploads\/2024\/03\/main-300x171.webp","type":"","width":"","height":""}],"twitter_card":"summary_large_image","twitter_misc":{"Tiempo de lectura":"2 minutos"},"schema":{"@context":"https:\/\/schema.org","@graph":[{"@type":"WebPage","@id":"https:\/\/www.bondexpress.com.mx\/index\/nuestros-procesos\/","url":"https:\/\/www.bondexpress.com.mx\/index\/nuestros-procesos\/","name":"Nuestros procesos - BONDEXPRESS","isPartOf":{"@id":"https:\/\/www.bondexpress.com.mx\/index\/#website"},"primaryImageOfPage":{"@id":"https:\/\/www.bondexpress.com.mx\/index\/nuestros-procesos\/#primaryimage"},"image":{"@id":"https:\/\/www.bondexpress.com.mx\/index\/nuestros-procesos\/#primaryimage"},"thumbnailUrl":"https:\/\/www.bondexpress.com.mx\/index\/wp-content\/uploads\/2024\/03\/main-300x171.webp","datePublished":"2023-01-17T23:48:47+00:00","dateModified":"2024-03-11T21:20:14+00:00","description":"Procesos Producci\u00f3n En BONDEXPRESS,\u00a0 trabajamos d\u00eda con d\u00eda para mejorar nuestros servicios, posicion\u00e1ndonos como una empresa l\u00edder dentro del mercado de","breadcrumb":{"@id":"https:\/\/www.bondexpress.com.mx\/index\/nuestros-procesos\/#breadcrumb"},"inLanguage":"es","potentialAction":[{"@type":"ReadAction","target":["https:\/\/www.bondexpress.com.mx\/index\/nuestros-procesos\/"]}]},{"@type":"ImageObject","inLanguage":"es","@id":"https:\/\/www.bondexpress.com.mx\/index\/nuestros-procesos\/#primaryimage","url":"https:\/\/www.bondexpress.com.mx\/index\/wp-content\/uploads\/2024\/03\/main.webp","contentUrl":"https:\/\/www.bondexpress.com.mx\/index\/wp-content\/uploads\/2024\/03\/main.webp","width":459,"height":262},{"@type":"BreadcrumbList","@id":"https:\/\/www.bondexpress.com.mx\/index\/nuestros-procesos\/#breadcrumb","itemListElement":[{"@type":"ListItem","position":1,"name":"Inicio","item":"https:\/\/www.bondexpress.com.mx\/index\/"},{"@type":"ListItem","position":2,"name":"Nuestros procesos"}]},{"@type":"WebSite","@id":"https:\/\/www.bondexpress.com.mx\/index\/#website","url":"https:\/\/www.bondexpress.com.mx\/index\/","name":"bondexpress.com.mx","description":"Bondeados, Textiles, Plantilla Eva, Espumas","publisher":{"@id":"https:\/\/www.bondexpress.com.mx\/index\/#organization"},"alternateName":"Bondexpress","potentialAction":[{"@type":"SearchAction","target":{"@type":"EntryPoint","urlTemplate":"https:\/\/www.bondexpress.com.mx\/index\/?s={search_term_string}"},"query-input":{"@type":"PropertyValueSpecification","valueRequired":true,"valueName":"search_term_string"}}],"inLanguage":"es"},{"@type":"Organization","@id":"https:\/\/www.bondexpress.com.mx\/index\/#organization","name":"BONDEXPRESS","url":"https:\/\/www.bondexpress.com.mx\/index\/","logo":{"@type":"ImageObject","inLanguage":"es","@id":"https:\/\/www.bondexpress.com.mx\/index\/#\/schema\/logo\/image\/","url":"https:\/\/www.bondexpress.com.mx\/index\/wp-content\/uploads\/2024\/02\/logoOKnuevo_m.jpg","contentUrl":"https:\/\/www.bondexpress.com.mx\/index\/wp-content\/uploads\/2024\/02\/logoOKnuevo_m.jpg","width":439,"height":147,"caption":"BONDEXPRESS"},"image":{"@id":"https:\/\/www.bondexpress.com.mx\/index\/#\/schema\/logo\/image\/"},"sameAs":["https:\/\/www.youtube.com\/@bondexpress."]}]}},"_links":{"self":[{"href":"https:\/\/www.bondexpress.com.mx\/index\/wp-json\/wp\/v2\/pages\/1392","targetHints":{"allow":["GET"]}}],"collection":[{"href":"https:\/\/www.bondexpress.com.mx\/index\/wp-json\/wp\/v2\/pages"}],"about":[{"href":"https:\/\/www.bondexpress.com.mx\/index\/wp-json\/wp\/v2\/types\/page"}],"author":[{"embeddable":true,"href":"https:\/\/www.bondexpress.com.mx\/index\/wp-json\/wp\/v2\/users\/1"}],"replies":[{"embeddable":true,"href":"https:\/\/www.bondexpress.com.mx\/index\/wp-json\/wp\/v2\/comments?post=1392"}],"version-history":[{"count":16,"href":"https:\/\/www.bondexpress.com.mx\/index\/wp-json\/wp\/v2\/pages\/1392\/revisions"}],"predecessor-version":[{"id":2561,"href":"https:\/\/www.bondexpress.com.mx\/index\/wp-json\/wp\/v2\/pages\/1392\/revisions\/2561"}],"wp:attachment":[{"href":"https:\/\/www.bondexpress.com.mx\/index\/wp-json\/wp\/v2\/media?parent=1392"}],"curies":[{"name":"wp","href":"https:\/\/api.w.org\/{rel}","templated":true}]}}