{"id":1125,"date":"2023-01-12T18:51:09","date_gmt":"2023-01-12T18:51:09","guid":{"rendered":"http:\/\/www.bondexpress.com.mx\/index\/?page_id=1125"},"modified":"2024-03-08T23:28:22","modified_gmt":"2024-03-08T23:28:22","slug":"textiles","status":"publish","type":"page","link":"https:\/\/www.bondexpress.com.mx\/index\/textiles\/","title":{"rendered":"TEXTILES"},"content":{"rendered":"\t\t<div data-elementor-type=\"wp-page\" data-elementor-id=\"1125\" class=\"elementor elementor-1125\">\n\t\t\t\t\t\t<section class=\"elementor-section elementor-top-section elementor-element elementor-element-460cf64 elementor-section-boxed elementor-section-height-default elementor-section-height-default\" data-id=\"460cf64\" data-element_type=\"section\" data-e-type=\"section\" data-settings=\"{&quot;background_background&quot;:&quot;classic&quot;}\">\n\t\t\t\t\t\t<div class=\"elementor-container elementor-column-gap-default\">\n\t\t\t\t\t<div class=\"elementor-column elementor-col-100 elementor-top-column elementor-element elementor-element-d4c9a11\" data-id=\"d4c9a11\" data-element_type=\"column\" data-e-type=\"column\">\n\t\t\t<div class=\"elementor-widget-wrap elementor-element-populated\">\n\t\t\t\t\t\t<div class=\"elementor-element elementor-element-88a14ad elementor-widget elementor-widget-heading\" data-id=\"88a14ad\" data-element_type=\"widget\" data-e-type=\"widget\" data-widget_type=\"heading.default\">\n\t\t\t\t<div class=\"elementor-widget-container\">\n\t\t\t\t\t<h1 class=\"elementor-heading-title elementor-size-default\">TEXTILES<\/h1>\t\t\t\t<\/div>\n\t\t\t\t<\/div>\n\t\t\t\t\t<\/div>\n\t\t<\/div>\n\t\t\t\t\t<\/div>\n\t\t<\/section>\n\t\t\t\t<section class=\"elementor-section elementor-top-section elementor-element elementor-element-b9f87e9 elementor-section-boxed elementor-section-height-default elementor-section-height-default\" data-id=\"b9f87e9\" data-element_type=\"section\" data-e-type=\"section\">\n\t\t\t\t\t\t<div class=\"elementor-container elementor-column-gap-default\">\n\t\t\t\t\t<div class=\"elementor-column elementor-col-50 elementor-top-column elementor-element elementor-element-41751bc\" data-id=\"41751bc\" data-element_type=\"column\" data-e-type=\"column\">\n\t\t\t<div class=\"elementor-widget-wrap elementor-element-populated\">\n\t\t\t\t\t\t<div class=\"elementor-element elementor-element-46cf209 elementor-widget elementor-widget-heading\" data-id=\"46cf209\" data-element_type=\"widget\" data-e-type=\"widget\" data-widget_type=\"heading.default\">\n\t\t\t\t<div class=\"elementor-widget-container\">\n\t\t\t\t\t<h4 class=\"elementor-heading-title elementor-size-default\">Mallas para Corte\/Forro<\/h4>\t\t\t\t<\/div>\n\t\t\t\t<\/div>\n\t\t\t\t<div class=\"elementor-element elementor-element-4eb9b5c elementor-widget elementor-widget-text-editor\" data-id=\"4eb9b5c\" data-element_type=\"widget\" data-e-type=\"widget\" data-widget_type=\"text-editor.default\">\n\t\t\t\t<div class=\"elementor-widget-container\">\n\t\t\t\t\t\t\t\t\t<p>En nuestra familia de productos, nos enorgullece ofrecer una amplia variedad de mallas dise\u00f1adas espec\u00edficamente para la industria del calzado. Estas mallas son elementos fundamentales que contribuyen a mejorar la calidad y el rendimiento del calzado en m\u00faltiples aspectos.<\/p><p>Nuestra gama de mallas est\u00e1 meticulosamente dise\u00f1ada para cumplir con los est\u00e1ndares m\u00e1s exigentes de la industria del calzado. Ya sea que se trate de calzado deportivo que requieren una malla transpirable y flexible para mejorar la ventilaci\u00f3n y la comodidad, o zapatos de trabajo que necesitan una malla resistente para brindar soporte y durabilidad adicionales, tenemos la soluci\u00f3n perfecta para cada aplicaci\u00f3n.<\/p><p>Las mallas que ofrecemos no solo cumplen con los requisitos t\u00e9cnicos necesarios, sino que tambi\u00e9n est\u00e1n disponibles en una variedad de estilos, colores y patrones para satisfacer las demandas est\u00e9ticas de nuestros clientes. <\/p><p>\u00a0<\/p>\t\t\t\t\t\t\t\t<\/div>\n\t\t\t\t<\/div>\n\t\t\t\t\t<\/div>\n\t\t<\/div>\n\t\t\t\t<div class=\"elementor-column elementor-col-50 elementor-top-column elementor-element elementor-element-37fb4b5\" data-id=\"37fb4b5\" data-element_type=\"column\" data-e-type=\"column\">\n\t\t\t<div class=\"elementor-widget-wrap elementor-element-populated\">\n\t\t\t\t\t\t<div class=\"elementor-element elementor-element-fef64c0 elementor-invisible elementor-widget elementor-widget-image\" data-id=\"fef64c0\" data-element_type=\"widget\" data-e-type=\"widget\" data-settings=\"{&quot;_animation&quot;:&quot;fadeIn&quot;}\" data-widget_type=\"image.default\">\n\t\t\t\t<div class=\"elementor-widget-container\">\n\t\t\t\t\t\t\t\t\t\t\t\t\t\t\t<img fetchpriority=\"high\" decoding=\"async\" width=\"648\" height=\"432\" src=\"https:\/\/www.bondexpress.com.mx\/index\/wp-content\/uploads\/2024\/02\/OASIS_FONDO.webp\" class=\"attachment-large size-large wp-image-2362\" alt=\"\" srcset=\"https:\/\/www.bondexpress.com.mx\/index\/wp-content\/uploads\/2024\/02\/OASIS_FONDO.webp 648w, https:\/\/www.bondexpress.com.mx\/index\/wp-content\/uploads\/2024\/02\/OASIS_FONDO-300x200.webp 300w\" sizes=\"(max-width: 648px) 100vw, 648px\" \/>\t\t\t\t\t\t\t\t\t\t\t\t\t\t\t<\/div>\n\t\t\t\t<\/div>\n\t\t\t\t\t<\/div>\n\t\t<\/div>\n\t\t\t\t\t<\/div>\n\t\t<\/section>\n\t\t\t\t<section class=\"elementor-section elementor-top-section elementor-element elementor-element-576cdde elementor-section-boxed elementor-section-height-default elementor-section-height-default\" data-id=\"576cdde\" data-element_type=\"section\" data-e-type=\"section\">\n\t\t\t\t\t\t<div class=\"elementor-container elementor-column-gap-default\">\n\t\t\t\t\t<div class=\"elementor-column elementor-col-100 elementor-top-column elementor-element elementor-element-d81b056\" data-id=\"d81b056\" data-element_type=\"column\" data-e-type=\"column\">\n\t\t\t<div class=\"elementor-widget-wrap elementor-element-populated\">\n\t\t\t\t\t\t<div class=\"elementor-element elementor-element-b91b1dc elementor-invisible elementor-widget elementor-widget-image-gallery\" data-id=\"b91b1dc\" data-element_type=\"widget\" data-e-type=\"widget\" data-settings=\"{&quot;_animation&quot;:&quot;fadeIn&quot;}\" data-widget_type=\"image-gallery.default\">\n\t\t\t\t<div class=\"elementor-widget-container\">\n\t\t\t\t\t\t\t<div class=\"elementor-image-gallery\">\n\t\t\t<div id='gallery-1' class='gallery galleryid-1125 gallery-columns-6 gallery-size-thumbnail'><figure class='gallery-item'>\n\t\t\t<div class='gallery-icon landscape'>\n\t\t\t\t<a data-elementor-open-lightbox=\"yes\" data-elementor-lightbox-slideshow=\"b91b1dc\" data-elementor-lightbox-title=\"Malla Kobe\" data-e-action-hash=\"#elementor-action%3Aaction%3Dlightbox%26settings%3DeyJpZCI6MjM2NSwidXJsIjoiaHR0cHM6XC9cL3d3dy5ib25kZXhwcmVzcy5jb20ubXhcL2luZGV4XC93cC1jb250ZW50XC91cGxvYWRzXC8yMDI0XC8wMlwva29iZS53ZWJwIiwic2xpZGVzaG93IjoiYjkxYjFkYyJ9\" href='https:\/\/www.bondexpress.com.mx\/index\/wp-content\/uploads\/2024\/02\/kobe.webp'><img decoding=\"async\" width=\"150\" height=\"150\" src=\"https:\/\/www.bondexpress.com.mx\/index\/wp-content\/uploads\/2024\/02\/kobe-150x150.webp\" class=\"attachment-thumbnail size-thumbnail\" alt=\"\" srcset=\"https:\/\/www.bondexpress.com.mx\/index\/wp-content\/uploads\/2024\/02\/kobe-150x150.webp 150w, https:\/\/www.bondexpress.com.mx\/index\/wp-content\/uploads\/2024\/02\/kobe-300x300.webp 300w, https:\/\/www.bondexpress.com.mx\/index\/wp-content\/uploads\/2024\/02\/kobe-100x100.webp 100w\" sizes=\"(max-width: 150px) 100vw, 150px\" \/><\/a>\n\t\t\t<\/div><\/figure><figure class='gallery-item'>\n\t\t\t<div class='gallery-icon landscape'>\n\t\t\t\t<a data-elementor-open-lightbox=\"yes\" data-elementor-lightbox-slideshow=\"b91b1dc\" data-elementor-lightbox-title=\"Malla Neolicra\" data-e-action-hash=\"#elementor-action%3Aaction%3Dlightbox%26settings%3DeyJpZCI6MjM2NiwidXJsIjoiaHR0cHM6XC9cL3d3dy5ib25kZXhwcmVzcy5jb20ubXhcL2luZGV4XC93cC1jb250ZW50XC91cGxvYWRzXC8yMDI0XC8wMlwvTElDUkFHLndlYnAiLCJzbGlkZXNob3ciOiJiOTFiMWRjIn0%3D\" href='https:\/\/www.bondexpress.com.mx\/index\/wp-content\/uploads\/2024\/02\/LICRAG.webp'><img decoding=\"async\" width=\"150\" height=\"150\" src=\"https:\/\/www.bondexpress.com.mx\/index\/wp-content\/uploads\/2024\/02\/LICRAG-150x150.webp\" class=\"attachment-thumbnail size-thumbnail\" alt=\"\" srcset=\"https:\/\/www.bondexpress.com.mx\/index\/wp-content\/uploads\/2024\/02\/LICRAG-150x150.webp 150w, https:\/\/www.bondexpress.com.mx\/index\/wp-content\/uploads\/2024\/02\/LICRAG-300x300.webp 300w, https:\/\/www.bondexpress.com.mx\/index\/wp-content\/uploads\/2024\/02\/LICRAG-100x100.webp 100w\" sizes=\"(max-width: 150px) 100vw, 150px\" \/><\/a>\n\t\t\t<\/div><\/figure><figure class='gallery-item'>\n\t\t\t<div class='gallery-icon landscape'>\n\t\t\t\t<a data-elementor-open-lightbox=\"yes\" data-elementor-lightbox-slideshow=\"b91b1dc\" data-elementor-lightbox-title=\"Malla Lince\" data-e-action-hash=\"#elementor-action%3Aaction%3Dlightbox%26settings%3DeyJpZCI6MjM2NywidXJsIjoiaHR0cHM6XC9cL3d3dy5ib25kZXhwcmVzcy5jb20ubXhcL2luZGV4XC93cC1jb250ZW50XC91cGxvYWRzXC8yMDI0XC8wMlwvTElOQ0VfRy53ZWJwIiwic2xpZGVzaG93IjoiYjkxYjFkYyJ9\" href='https:\/\/www.bondexpress.com.mx\/index\/wp-content\/uploads\/2024\/02\/LINCE_G.webp'><img loading=\"lazy\" decoding=\"async\" width=\"150\" height=\"150\" src=\"https:\/\/www.bondexpress.com.mx\/index\/wp-content\/uploads\/2024\/02\/LINCE_G-150x150.webp\" class=\"attachment-thumbnail size-thumbnail\" alt=\"\" srcset=\"https:\/\/www.bondexpress.com.mx\/index\/wp-content\/uploads\/2024\/02\/LINCE_G-150x150.webp 150w, https:\/\/www.bondexpress.com.mx\/index\/wp-content\/uploads\/2024\/02\/LINCE_G-300x300.webp 300w, https:\/\/www.bondexpress.com.mx\/index\/wp-content\/uploads\/2024\/02\/LINCE_G-100x100.webp 100w\" sizes=\"(max-width: 150px) 100vw, 150px\" \/><\/a>\n\t\t\t<\/div><\/figure><figure class='gallery-item'>\n\t\t\t<div class='gallery-icon landscape'>\n\t\t\t\t<a data-elementor-open-lightbox=\"yes\" data-elementor-lightbox-slideshow=\"b91b1dc\" data-elementor-lightbox-title=\"Malla Oasis\" data-e-action-hash=\"#elementor-action%3Aaction%3Dlightbox%26settings%3DeyJpZCI6MjM2OCwidXJsIjoiaHR0cHM6XC9cL3d3dy5ib25kZXhwcmVzcy5jb20ubXhcL2luZGV4XC93cC1jb250ZW50XC91cGxvYWRzXC8yMDI0XC8wMlwvT0FTSVNfRy53ZWJwIiwic2xpZGVzaG93IjoiYjkxYjFkYyJ9\" href='https:\/\/www.bondexpress.com.mx\/index\/wp-content\/uploads\/2024\/02\/OASIS_G.webp'><img loading=\"lazy\" decoding=\"async\" width=\"150\" height=\"150\" src=\"https:\/\/www.bondexpress.com.mx\/index\/wp-content\/uploads\/2024\/02\/OASIS_G-150x150.webp\" class=\"attachment-thumbnail size-thumbnail\" alt=\"\" srcset=\"https:\/\/www.bondexpress.com.mx\/index\/wp-content\/uploads\/2024\/02\/OASIS_G-150x150.webp 150w, https:\/\/www.bondexpress.com.mx\/index\/wp-content\/uploads\/2024\/02\/OASIS_G-300x300.webp 300w, https:\/\/www.bondexpress.com.mx\/index\/wp-content\/uploads\/2024\/02\/OASIS_G-100x100.webp 100w\" sizes=\"(max-width: 150px) 100vw, 150px\" \/><\/a>\n\t\t\t<\/div><\/figure><figure class='gallery-item'>\n\t\t\t<div class='gallery-icon landscape'>\n\t\t\t\t<a data-elementor-open-lightbox=\"yes\" data-elementor-lightbox-slideshow=\"b91b1dc\" data-elementor-lightbox-title=\"Malla Revolution\" data-e-action-hash=\"#elementor-action%3Aaction%3Dlightbox%26settings%3DeyJpZCI6MjM2OSwidXJsIjoiaHR0cHM6XC9cL3d3dy5ib25kZXhwcmVzcy5jb20ubXhcL2luZGV4XC93cC1jb250ZW50XC91cGxvYWRzXC8yMDI0XC8wMlwvUkVWT0xVVElPTl9PSy53ZWJwIiwic2xpZGVzaG93IjoiYjkxYjFkYyJ9\" href='https:\/\/www.bondexpress.com.mx\/index\/wp-content\/uploads\/2024\/02\/REVOLUTION_OK.webp'><img loading=\"lazy\" decoding=\"async\" width=\"150\" height=\"150\" src=\"https:\/\/www.bondexpress.com.mx\/index\/wp-content\/uploads\/2024\/02\/REVOLUTION_OK-150x150.webp\" class=\"attachment-thumbnail size-thumbnail\" alt=\"\" srcset=\"https:\/\/www.bondexpress.com.mx\/index\/wp-content\/uploads\/2024\/02\/REVOLUTION_OK-150x150.webp 150w, https:\/\/www.bondexpress.com.mx\/index\/wp-content\/uploads\/2024\/02\/REVOLUTION_OK-300x300.webp 300w, https:\/\/www.bondexpress.com.mx\/index\/wp-content\/uploads\/2024\/02\/REVOLUTION_OK-100x100.webp 100w\" sizes=\"(max-width: 150px) 100vw, 150px\" \/><\/a>\n\t\t\t<\/div><\/figure><figure class='gallery-item'>\n\t\t\t<div class='gallery-icon landscape'>\n\t\t\t\t<a data-elementor-open-lightbox=\"yes\" data-elementor-lightbox-slideshow=\"b91b1dc\" data-elementor-lightbox-title=\"Malla Sandwicht\" data-e-action-hash=\"#elementor-action%3Aaction%3Dlightbox%26settings%3DeyJpZCI6MjM3MCwidXJsIjoiaHR0cHM6XC9cL3d3dy5ib25kZXhwcmVzcy5jb20ubXhcL2luZGV4XC93cC1jb250ZW50XC91cGxvYWRzXC8yMDI0XC8wMlwvU0FORFdJQ0pUX09LMi0xLndlYnAiLCJzbGlkZXNob3ciOiJiOTFiMWRjIn0%3D\" href='https:\/\/www.bondexpress.com.mx\/index\/wp-content\/uploads\/2024\/02\/SANDWICJT_OK2-1.webp'><img loading=\"lazy\" decoding=\"async\" width=\"150\" height=\"150\" src=\"https:\/\/www.bondexpress.com.mx\/index\/wp-content\/uploads\/2024\/02\/SANDWICJT_OK2-1-150x150.webp\" class=\"attachment-thumbnail size-thumbnail\" alt=\"\" srcset=\"https:\/\/www.bondexpress.com.mx\/index\/wp-content\/uploads\/2024\/02\/SANDWICJT_OK2-1-150x150.webp 150w, https:\/\/www.bondexpress.com.mx\/index\/wp-content\/uploads\/2024\/02\/SANDWICJT_OK2-1-300x300.webp 300w, https:\/\/www.bondexpress.com.mx\/index\/wp-content\/uploads\/2024\/02\/SANDWICJT_OK2-1-100x100.webp 100w\" sizes=\"(max-width: 150px) 100vw, 150px\" \/><\/a>\n\t\t\t<\/div><\/figure>\n\t\t<\/div>\n\t\t<\/div>\n\t\t\t\t\t\t<\/div>\n\t\t\t\t<\/div>\n\t\t\t\t\t<\/div>\n\t\t<\/div>\n\t\t\t\t\t<\/div>\n\t\t<\/section>\n\t\t\t\t<\/div>\n\t\t","protected":false},"excerpt":{"rendered":"<p>TEXTILES Mallas para Corte\/Forro En nuestra familia de productos, nos enorgullece ofrecer una amplia variedad de mallas dise\u00f1adas espec\u00edficamente para la industria del calzado. Estas mallas son elementos fundamentales que contribuyen a mejorar la calidad y el rendimiento del calzado en m\u00faltiples aspectos. Nuestra gama de mallas est\u00e1 meticulosamente dise\u00f1ada para cumplir con los est\u00e1ndares [&hellip;]<\/p>\n","protected":false},"author":1,"featured_media":0,"parent":0,"menu_order":0,"comment_status":"closed","ping_status":"closed","template":"","meta":{"site-sidebar-layout":"no-sidebar","site-content-layout":"page-builder","ast-site-content-layout":"default","site-content-style":"default","site-sidebar-style":"default","ast-global-header-display":"","ast-banner-title-visibility":"","ast-main-header-display":"","ast-hfb-above-header-display":"","ast-hfb-below-header-display":"","ast-hfb-mobile-header-display":"","site-post-title":"disabled","ast-breadcrumbs-content":"","ast-featured-img":"disabled","footer-sml-layout":"","theme-transparent-header-meta":"","adv-header-id-meta":"","stick-header-meta":"","header-above-stick-meta":"","header-main-stick-meta":"","header-below-stick-meta":"","astra-migrate-meta-layouts":"default","ast-page-background-enabled":"default","ast-page-background-meta":{"desktop":{"background-color":"","background-image":"","background-repeat":"repeat","background-position":"center center","background-size":"auto","background-attachment":"scroll","background-type":"","background-media":"","overlay-type":"","overlay-color":"","overlay-opacity":"","overlay-gradient":""},"tablet":{"background-color":"","background-image":"","background-repeat":"repeat","background-position":"center center","background-size":"auto","background-attachment":"scroll","background-type":"","background-media":"","overlay-type":"","overlay-color":"","overlay-opacity":"","overlay-gradient":""},"mobile":{"background-color":"","background-image":"","background-repeat":"repeat","background-position":"center center","background-size":"auto","background-attachment":"scroll","background-type":"","background-media":"","overlay-type":"","overlay-color":"","overlay-opacity":"","overlay-gradient":""}},"ast-content-background-meta":{"desktop":{"background-color":"var(--ast-global-color-5)","background-image":"","background-repeat":"repeat","background-position":"center center","background-size":"auto","background-attachment":"scroll","background-type":"","background-media":"","overlay-type":"","overlay-color":"","overlay-opacity":"","overlay-gradient":""},"tablet":{"background-color":"var(--ast-global-color-5)","background-image":"","background-repeat":"repeat","background-position":"center center","background-size":"auto","background-attachment":"scroll","background-type":"","background-media":"","overlay-type":"","overlay-color":"","overlay-opacity":"","overlay-gradient":""},"mobile":{"background-color":"var(--ast-global-color-5)","background-image":"","background-repeat":"repeat","background-position":"center center","background-size":"auto","background-attachment":"scroll","background-type":"","background-media":"","overlay-type":"","overlay-color":"","overlay-opacity":"","overlay-gradient":""}},"_joinchat":[],"footnotes":""},"class_list":["post-1125","page","type-page","status-publish","hentry"],"yoast_head":"<!-- This site is optimized with the Yoast SEO plugin v27.1.1 - https:\/\/yoast.com\/product\/yoast-seo-wordpress\/ -->\n<title>TEXTILES - BONDEXPRESS<\/title>\n<meta name=\"description\" content=\"TEXTILES Mallas para Corte\/Forro En nuestra familia de productos, nos enorgullece ofrecer una amplia variedad de mallas dise\u00f1adas espec\u00edficamente para la\" \/>\n<meta name=\"robots\" content=\"index, follow, max-snippet:-1, max-image-preview:large, max-video-preview:-1\" \/>\n<link rel=\"canonical\" href=\"https:\/\/www.bondexpress.com.mx\/index\/textiles\/\" \/>\n<meta property=\"og:locale\" content=\"es_MX\" \/>\n<meta property=\"og:type\" content=\"article\" \/>\n<meta property=\"og:title\" content=\"TEXTILES - BONDEXPRESS\" \/>\n<meta property=\"og:description\" content=\"TEXTILES Mallas para Corte\/Forro En nuestra familia de productos, nos enorgullece ofrecer una amplia variedad de mallas dise\u00f1adas espec\u00edficamente para la\" \/>\n<meta property=\"og:url\" content=\"https:\/\/www.bondexpress.com.mx\/index\/textiles\/\" \/>\n<meta property=\"og:site_name\" content=\"BONDEXPRESS\" \/>\n<meta property=\"article:modified_time\" content=\"2024-03-08T23:28:22+00:00\" \/>\n<meta property=\"og:image\" content=\"https:\/\/www.bondexpress.com.mx\/index\/wp-content\/uploads\/2024\/02\/OASIS_FONDO.webp\" \/>\n<meta name=\"twitter:card\" content=\"summary_large_image\" \/>\n<meta name=\"twitter:label1\" content=\"Tiempo de lectura\" \/>\n\t<meta name=\"twitter:data1\" content=\"3 minutos\" \/>\n<script type=\"application\/ld+json\" class=\"yoast-schema-graph\">{\"@context\":\"https:\/\/schema.org\",\"@graph\":[{\"@type\":\"WebPage\",\"@id\":\"https:\/\/www.bondexpress.com.mx\/index\/textiles\/\",\"url\":\"https:\/\/www.bondexpress.com.mx\/index\/textiles\/\",\"name\":\"TEXTILES - BONDEXPRESS\",\"isPartOf\":{\"@id\":\"https:\/\/www.bondexpress.com.mx\/index\/#website\"},\"primaryImageOfPage\":{\"@id\":\"https:\/\/www.bondexpress.com.mx\/index\/textiles\/#primaryimage\"},\"image\":{\"@id\":\"https:\/\/www.bondexpress.com.mx\/index\/textiles\/#primaryimage\"},\"thumbnailUrl\":\"https:\/\/www.bondexpress.com.mx\/index\/wp-content\/uploads\/2024\/02\/OASIS_FONDO.webp\",\"datePublished\":\"2023-01-12T18:51:09+00:00\",\"dateModified\":\"2024-03-08T23:28:22+00:00\",\"description\":\"TEXTILES Mallas para Corte\/Forro En nuestra familia de productos, nos enorgullece ofrecer una amplia variedad de mallas dise\u00f1adas espec\u00edficamente para la\",\"breadcrumb\":{\"@id\":\"https:\/\/www.bondexpress.com.mx\/index\/textiles\/#breadcrumb\"},\"inLanguage\":\"es\",\"potentialAction\":[{\"@type\":\"ReadAction\",\"target\":[\"https:\/\/www.bondexpress.com.mx\/index\/textiles\/\"]}]},{\"@type\":\"ImageObject\",\"inLanguage\":\"es\",\"@id\":\"https:\/\/www.bondexpress.com.mx\/index\/textiles\/#primaryimage\",\"url\":\"https:\/\/www.bondexpress.com.mx\/index\/wp-content\/uploads\/2024\/02\/OASIS_FONDO.webp\",\"contentUrl\":\"https:\/\/www.bondexpress.com.mx\/index\/wp-content\/uploads\/2024\/02\/OASIS_FONDO.webp\",\"width\":648,\"height\":432},{\"@type\":\"BreadcrumbList\",\"@id\":\"https:\/\/www.bondexpress.com.mx\/index\/textiles\/#breadcrumb\",\"itemListElement\":[{\"@type\":\"ListItem\",\"position\":1,\"name\":\"Inicio\",\"item\":\"https:\/\/www.bondexpress.com.mx\/index\/\"},{\"@type\":\"ListItem\",\"position\":2,\"name\":\"TEXTILES\"}]},{\"@type\":\"WebSite\",\"@id\":\"https:\/\/www.bondexpress.com.mx\/index\/#website\",\"url\":\"https:\/\/www.bondexpress.com.mx\/index\/\",\"name\":\"bondexpress.com.mx\",\"description\":\"Bondeados, Textiles, Plantilla Eva, Espumas\",\"publisher\":{\"@id\":\"https:\/\/www.bondexpress.com.mx\/index\/#organization\"},\"alternateName\":\"Bondexpress\",\"potentialAction\":[{\"@type\":\"SearchAction\",\"target\":{\"@type\":\"EntryPoint\",\"urlTemplate\":\"https:\/\/www.bondexpress.com.mx\/index\/?s={search_term_string}\"},\"query-input\":{\"@type\":\"PropertyValueSpecification\",\"valueRequired\":true,\"valueName\":\"search_term_string\"}}],\"inLanguage\":\"es\"},{\"@type\":\"Organization\",\"@id\":\"https:\/\/www.bondexpress.com.mx\/index\/#organization\",\"name\":\"BONDEXPRESS\",\"url\":\"https:\/\/www.bondexpress.com.mx\/index\/\",\"logo\":{\"@type\":\"ImageObject\",\"inLanguage\":\"es\",\"@id\":\"https:\/\/www.bondexpress.com.mx\/index\/#\/schema\/logo\/image\/\",\"url\":\"https:\/\/www.bondexpress.com.mx\/index\/wp-content\/uploads\/2024\/02\/logoOKnuevo_m.jpg\",\"contentUrl\":\"https:\/\/www.bondexpress.com.mx\/index\/wp-content\/uploads\/2024\/02\/logoOKnuevo_m.jpg\",\"width\":439,\"height\":147,\"caption\":\"BONDEXPRESS\"},\"image\":{\"@id\":\"https:\/\/www.bondexpress.com.mx\/index\/#\/schema\/logo\/image\/\"},\"sameAs\":[\"https:\/\/www.youtube.com\/@bondexpress.\"]}]}<\/script>\n<!-- \/ Yoast SEO plugin. -->","yoast_head_json":{"title":"TEXTILES - BONDEXPRESS","description":"TEXTILES Mallas para Corte\/Forro En nuestra familia de productos, nos enorgullece ofrecer una amplia variedad de mallas dise\u00f1adas espec\u00edficamente para la","robots":{"index":"index","follow":"follow","max-snippet":"max-snippet:-1","max-image-preview":"max-image-preview:large","max-video-preview":"max-video-preview:-1"},"canonical":"https:\/\/www.bondexpress.com.mx\/index\/textiles\/","og_locale":"es_MX","og_type":"article","og_title":"TEXTILES - BONDEXPRESS","og_description":"TEXTILES Mallas para Corte\/Forro En nuestra familia de productos, nos enorgullece ofrecer una amplia variedad de mallas dise\u00f1adas espec\u00edficamente para la","og_url":"https:\/\/www.bondexpress.com.mx\/index\/textiles\/","og_site_name":"BONDEXPRESS","article_modified_time":"2024-03-08T23:28:22+00:00","og_image":[{"url":"https:\/\/www.bondexpress.com.mx\/index\/wp-content\/uploads\/2024\/02\/OASIS_FONDO.webp","type":"","width":"","height":""}],"twitter_card":"summary_large_image","twitter_misc":{"Tiempo de lectura":"3 minutos"},"schema":{"@context":"https:\/\/schema.org","@graph":[{"@type":"WebPage","@id":"https:\/\/www.bondexpress.com.mx\/index\/textiles\/","url":"https:\/\/www.bondexpress.com.mx\/index\/textiles\/","name":"TEXTILES - BONDEXPRESS","isPartOf":{"@id":"https:\/\/www.bondexpress.com.mx\/index\/#website"},"primaryImageOfPage":{"@id":"https:\/\/www.bondexpress.com.mx\/index\/textiles\/#primaryimage"},"image":{"@id":"https:\/\/www.bondexpress.com.mx\/index\/textiles\/#primaryimage"},"thumbnailUrl":"https:\/\/www.bondexpress.com.mx\/index\/wp-content\/uploads\/2024\/02\/OASIS_FONDO.webp","datePublished":"2023-01-12T18:51:09+00:00","dateModified":"2024-03-08T23:28:22+00:00","description":"TEXTILES Mallas para Corte\/Forro En nuestra familia de productos, nos enorgullece ofrecer una amplia variedad de mallas dise\u00f1adas espec\u00edficamente para la","breadcrumb":{"@id":"https:\/\/www.bondexpress.com.mx\/index\/textiles\/#breadcrumb"},"inLanguage":"es","potentialAction":[{"@type":"ReadAction","target":["https:\/\/www.bondexpress.com.mx\/index\/textiles\/"]}]},{"@type":"ImageObject","inLanguage":"es","@id":"https:\/\/www.bondexpress.com.mx\/index\/textiles\/#primaryimage","url":"https:\/\/www.bondexpress.com.mx\/index\/wp-content\/uploads\/2024\/02\/OASIS_FONDO.webp","contentUrl":"https:\/\/www.bondexpress.com.mx\/index\/wp-content\/uploads\/2024\/02\/OASIS_FONDO.webp","width":648,"height":432},{"@type":"BreadcrumbList","@id":"https:\/\/www.bondexpress.com.mx\/index\/textiles\/#breadcrumb","itemListElement":[{"@type":"ListItem","position":1,"name":"Inicio","item":"https:\/\/www.bondexpress.com.mx\/index\/"},{"@type":"ListItem","position":2,"name":"TEXTILES"}]},{"@type":"WebSite","@id":"https:\/\/www.bondexpress.com.mx\/index\/#website","url":"https:\/\/www.bondexpress.com.mx\/index\/","name":"bondexpress.com.mx","description":"Bondeados, Textiles, Plantilla Eva, Espumas","publisher":{"@id":"https:\/\/www.bondexpress.com.mx\/index\/#organization"},"alternateName":"Bondexpress","potentialAction":[{"@type":"SearchAction","target":{"@type":"EntryPoint","urlTemplate":"https:\/\/www.bondexpress.com.mx\/index\/?s={search_term_string}"},"query-input":{"@type":"PropertyValueSpecification","valueRequired":true,"valueName":"search_term_string"}}],"inLanguage":"es"},{"@type":"Organization","@id":"https:\/\/www.bondexpress.com.mx\/index\/#organization","name":"BONDEXPRESS","url":"https:\/\/www.bondexpress.com.mx\/index\/","logo":{"@type":"ImageObject","inLanguage":"es","@id":"https:\/\/www.bondexpress.com.mx\/index\/#\/schema\/logo\/image\/","url":"https:\/\/www.bondexpress.com.mx\/index\/wp-content\/uploads\/2024\/02\/logoOKnuevo_m.jpg","contentUrl":"https:\/\/www.bondexpress.com.mx\/index\/wp-content\/uploads\/2024\/02\/logoOKnuevo_m.jpg","width":439,"height":147,"caption":"BONDEXPRESS"},"image":{"@id":"https:\/\/www.bondexpress.com.mx\/index\/#\/schema\/logo\/image\/"},"sameAs":["https:\/\/www.youtube.com\/@bondexpress."]}]}},"_links":{"self":[{"href":"https:\/\/www.bondexpress.com.mx\/index\/wp-json\/wp\/v2\/pages\/1125","targetHints":{"allow":["GET"]}}],"collection":[{"href":"https:\/\/www.bondexpress.com.mx\/index\/wp-json\/wp\/v2\/pages"}],"about":[{"href":"https:\/\/www.bondexpress.com.mx\/index\/wp-json\/wp\/v2\/types\/page"}],"author":[{"embeddable":true,"href":"https:\/\/www.bondexpress.com.mx\/index\/wp-json\/wp\/v2\/users\/1"}],"replies":[{"embeddable":true,"href":"https:\/\/www.bondexpress.com.mx\/index\/wp-json\/wp\/v2\/comments?post=1125"}],"version-history":[{"count":55,"href":"https:\/\/www.bondexpress.com.mx\/index\/wp-json\/wp\/v2\/pages\/1125\/revisions"}],"predecessor-version":[{"id":2536,"href":"https:\/\/www.bondexpress.com.mx\/index\/wp-json\/wp\/v2\/pages\/1125\/revisions\/2536"}],"wp:attachment":[{"href":"https:\/\/www.bondexpress.com.mx\/index\/wp-json\/wp\/v2\/media?parent=1125"}],"curies":[{"name":"wp","href":"https:\/\/api.w.org\/{rel}","templated":true}]}}